{"id":4739,"date":"2016-06-17T09:52:55","date_gmt":"2016-06-17T09:52:55","guid":{"rendered":"http:\/\/demo.drfuri.com\/mrbara10\/?page_id=4739"},"modified":"2025-10-01T17:42:16","modified_gmt":"2025-10-01T17:42:16","slug":"about-v2","status":"publish","type":"page","link":"https:\/\/weldingsteelkraken.com\/index.php\/about-v2\/","title":{"rendered":"About v2"},"content":{"rendered":"<div class=\"wpb-content-wrapper\"><p>[vc_row equal_height=\u00bbyes\u00bb content_placement=\u00bbmiddle\u00bb css=\u00bb.vc_custom_1472618226876{padding-bottom: 150px !important;background-color: #f2f2f2 !important;}\u00bb el_class=\u00bbvc-row-box-shadow\u00bb][vc_column width=\u00bb5\/12&#8243; css=\u00bb.vc_custom_1754430062954{padding-right: 0px !important;background-image: url(https:\/\/weldingsteelkraken.com\/wp-content\/uploads\/2013\/12\/iiiii.png?id=5781) !important;background-position: center !important;background-repeat: no-repeat !important;background-size: cover !important;}\u00bb][vc_empty_space height=\u00bb700px\u00bb css=\u00bb.vc_custom_1759340488465{background-position: center !important;background-repeat: no-repeat !important;background-size: cover !important;}\u00bb][\/vc_column][vc_column width=\u00bb7\/12&#8243; css=\u00bb.vc_custom_1473393106725{margin-left: -15px !important;padding-top: 30px !important;padding-right: 100px !important;padding-bottom: 49px !important;padding-left: 100px !important;background-color: #ffffff !important;}\u00bb el_class=\u00bbno-padding-mobile no-margin-mobile\u00bb][vc_row_inner][vc_column_inner css=\u00bb.vc_custom_1472625130590{margin-top: 50px !important;}\u00bb]<div class=\"mrbara-about-3 \">\n\t\t\t\t<div class=\"title\"><p>Our History<\/p>\n<\/div><div class=\"desc\">WeldingSteel Kraken LLC es una empresa especializada en ofrecer soluciones industriales y navales integrales, con sede en Texas, Estados Unidos. Nuestro compromiso es proporcionar personal t\u00e9cnico altamente calificado y servicios de calidad que respondan a las exigencias de proyectos complejos a nivel internacional.<\/p>\n<p>Contamos con m\u00e1s de 400 profesionales especializados \u2014soldadores certificados, armadores, electromec\u00e1nicos, electricistas y t\u00e9cnicos multidisciplinarios\u2014 preparados para desempe\u00f1arse en astilleros, refiner\u00edas, plataformas offshore, obras industriales y proyectos navales de gran escala.<\/p>\n<p>Nuestro alcance es global: trabajamos en colaboraci\u00f3n con empresas de toda Europa, Estados Unidos, Bahamas, Canad\u00e1 y otros pa\u00edses, garantizando resultados eficientes, cumplimiento de plazos y altos est\u00e1ndares de seguridad. Adem\u00e1s, contamos con personal administrativo operando en diversas partes de Am\u00e9rica, coordinando procesos y proyectos, as\u00ed como con equipos t\u00e9cnicos distribuidos en toda Latinoam\u00e9rica, completamente especializados y listos para incorporarse a cualquier desaf\u00edo operativo.<\/p>\n<p>M\u00e1s que un proveedor, somos un aliado estrat\u00e9gico comprometido con el \u00e9xito de cada proyecto, construyendo relaciones duraderas basadas en la confianza, el respeto y la excelencia.<br \/>\nAqu\u00ed se valora tu esfuerzo. Aqu\u00ed cuentas t\u00fa.<\/div>\n\t\t\t<\/div>[\/vc_column_inner][\/vc_row_inner][vc_row_inner css=\u00bb.vc_custom_1472625246028{padding-bottom: 50px !important;}\u00bb][vc_column_inner width=\u00bb1\/3&#8243; css=\u00bb.vc_custom_1472625186188{padding-top: 50px !important;}\u00bb]<div class=\"mrbara-counter  counter-style1\" data-step=\"5\">\n                <span class=\"counter-number\">450+<\/span>  <div class=\"counter-title\">T\u00e9cnicos y profesionales<\/div>\n            <\/div>\n            [\/vc_column_inner][vc_column_inner width=\u00bb1\/3&#8243; css=\u00bb.vc_custom_1472625191372{padding-top: 50px !important;}\u00bb]<div class=\"mrbara-counter  counter-style1\" data-step=\"5\">\n                <span class=\"counter-number\">12+<\/span>  <div class=\"counter-title\">Servicios especializados<\/div>\n            <\/div>\n            [\/vc_column_inner][vc_column_inner width=\u00bb1\/3&#8243; css=\u00bb.vc_custom_1472625237717{padding-top: 50px !important;}\u00bb]<div class=\"mrbara-counter  counter-style1\" data-step=\"5\">\n                <span class=\"counter-number\">7+<\/span>  <div class=\"counter-title\">A\u00f1os de experiencia<\/div>\n            <\/div>\n            [\/vc_column_inner][\/vc_row_inner][vc_empty_space height=\u00bb90&#8243;]<div class=\"mrbara-heading    text-small heading-style1\"><\/div>[\/vc_column][\/vc_row]<\/p>\n<\/div>","protected":false},"excerpt":{"rendered":"<p>[vc_row equal_height=\u00bbyes\u00bb content_placement=\u00bbmiddle\u00bb css=\u00bb.vc_custom_1472618226876{padding-bottom: 150px !important;background-color: #f2f2f2 !important;}\u00bb el_class=\u00bbvc-row-box-shadow\u00bb][vc_column width=\u00bb5\/12&#8243; css=\u00bb.vc_custom_1754430062954{padding-right: 0px !important;background-image: url(https:\/\/weldingsteelkraken.com\/wp-content\/uploads\/2013\/12\/iiiii.png?id=5781) !important;background-position: center !important;background-repeat: no-repeat !important;background-size: cover !important;}\u00bb][vc_empty_space height=\u00bb700px\u00bb css=\u00bb.vc_custom_1759340488465{background-position: center !important;background-repeat: no-repeat !important;background-size: cover !important;}\u00bb][\/vc_column][vc_column width=\u00bb7\/12&#8243;&hellip;<\/p>\n","protected":false},"author":1,"featured_media":0,"parent":0,"menu_order":0,"comment_status":"closed","ping_status":"closed","template":"template-full-width.php","meta":{"iawp_total_views":3,"footnotes":""},"class_list":["post-4739","page","type-page","status-publish","hentry"],"yoast_head":"<!-- This site is optimized with the Yoast SEO plugin v26.9 - https:\/\/yoast.com\/product\/yoast-seo-wordpress\/ -->\n<title>About v2 - Welding Steel Kraken<\/title>\n<meta name=\"robots\" content=\"index, follow, max-snippet:-1, max-image-preview:large, max-video-preview:-1\" \/>\n<link rel=\"canonical\" href=\"https:\/\/weldingsteelkraken.com\/index.php\/about-v2\/\" \/>\n<meta property=\"og:locale\" content=\"es_ES\" \/>\n<meta property=\"og:type\" content=\"article\" \/>\n<meta property=\"og:title\" content=\"About v2 - Welding Steel Kraken\" \/>\n<meta property=\"og:description\" content=\"[vc_row equal_height=\u00bbyes\u00bb content_placement=\u00bbmiddle\u00bb css=\u00bb.vc_custom_1472618226876{padding-bottom: 150px !important;background-color: #f2f2f2 !important;}\u00bb el_class=\u00bbvc-row-box-shadow\u00bb][vc_column width=\u00bb5\/12&#8243; css=\u00bb.vc_custom_1754430062954{padding-right: 0px !important;background-image: url(https:\/\/weldingsteelkraken.com\/wp-content\/uploads\/2013\/12\/iiiii.png?id=5781) !important;background-position: center !important;background-repeat: no-repeat !important;background-size: cover !important;}\u00bb][vc_empty_space height=\u00bb700px\u00bb css=\u00bb.vc_custom_1759340488465{background-position: center !important;background-repeat: no-repeat !important;background-size: cover !important;}\u00bb][\/vc_column][vc_column width=\u00bb7\/12&#8243;&hellip;\" \/>\n<meta property=\"og:url\" content=\"https:\/\/weldingsteelkraken.com\/index.php\/about-v2\/\" \/>\n<meta property=\"og:site_name\" content=\"Welding Steel Kraken\" \/>\n<meta property=\"article:modified_time\" content=\"2025-10-01T17:42:16+00:00\" \/>\n<meta name=\"twitter:card\" content=\"summary_large_image\" \/>\n<meta name=\"twitter:label1\" content=\"Tiempo de lectura\" \/>\n\t<meta name=\"twitter:data1\" content=\"2 minutos\" \/>\n<script type=\"application\/ld+json\" class=\"yoast-schema-graph\">{\"@context\":\"https:\/\/schema.org\",\"@graph\":[{\"@type\":\"WebPage\",\"@id\":\"https:\/\/weldingsteelkraken.com\/index.php\/about-v2\/\",\"url\":\"https:\/\/weldingsteelkraken.com\/index.php\/about-v2\/\",\"name\":\"About v2 - Welding Steel Kraken\",\"isPartOf\":{\"@id\":\"https:\/\/weldingsteelkraken.com\/#website\"},\"datePublished\":\"2016-06-17T09:52:55+00:00\",\"dateModified\":\"2025-10-01T17:42:16+00:00\",\"breadcrumb\":{\"@id\":\"https:\/\/weldingsteelkraken.com\/index.php\/about-v2\/#breadcrumb\"},\"inLanguage\":\"es\",\"potentialAction\":[{\"@type\":\"ReadAction\",\"target\":[\"https:\/\/weldingsteelkraken.com\/index.php\/about-v2\/\"]}]},{\"@type\":\"BreadcrumbList\",\"@id\":\"https:\/\/weldingsteelkraken.com\/index.php\/about-v2\/#breadcrumb\",\"itemListElement\":[{\"@type\":\"ListItem\",\"position\":1,\"name\":\"Portada\",\"item\":\"https:\/\/weldingsteelkraken.com\/\"},{\"@type\":\"ListItem\",\"position\":2,\"name\":\"About v2\"}]},{\"@type\":\"WebSite\",\"@id\":\"https:\/\/weldingsteelkraken.com\/#website\",\"url\":\"https:\/\/weldingsteelkraken.com\/\",\"name\":\"Welding Steel Kraken\",\"description\":\"Wellding | Soldadura | \",\"potentialAction\":[{\"@type\":\"SearchAction\",\"target\":{\"@type\":\"EntryPoint\",\"urlTemplate\":\"https:\/\/weldingsteelkraken.com\/?s={search_term_string}\"},\"query-input\":{\"@type\":\"PropertyValueSpecification\",\"valueRequired\":true,\"valueName\":\"search_term_string\"}}],\"inLanguage\":\"es\"}]}<\/script>\n<!-- \/ Yoast SEO plugin. -->","yoast_head_json":{"title":"About v2 - Welding Steel Kraken","robots":{"index":"index","follow":"follow","max-snippet":"max-snippet:-1","max-image-preview":"max-image-preview:large","max-video-preview":"max-video-preview:-1"},"canonical":"https:\/\/weldingsteelkraken.com\/index.php\/about-v2\/","og_locale":"es_ES","og_type":"article","og_title":"About v2 - Welding Steel Kraken","og_description":"[vc_row equal_height=\u00bbyes\u00bb content_placement=\u00bbmiddle\u00bb css=\u00bb.vc_custom_1472618226876{padding-bottom: 150px !important;background-color: #f2f2f2 !important;}\u00bb el_class=\u00bbvc-row-box-shadow\u00bb][vc_column width=\u00bb5\/12&#8243; css=\u00bb.vc_custom_1754430062954{padding-right: 0px !important;background-image: url(https:\/\/weldingsteelkraken.com\/wp-content\/uploads\/2013\/12\/iiiii.png?id=5781) !important;background-position: center !important;background-repeat: no-repeat !important;background-size: cover !important;}\u00bb][vc_empty_space height=\u00bb700px\u00bb css=\u00bb.vc_custom_1759340488465{background-position: center !important;background-repeat: no-repeat !important;background-size: cover !important;}\u00bb][\/vc_column][vc_column width=\u00bb7\/12&#8243;&hellip;","og_url":"https:\/\/weldingsteelkraken.com\/index.php\/about-v2\/","og_site_name":"Welding Steel Kraken","article_modified_time":"2025-10-01T17:42:16+00:00","twitter_card":"summary_large_image","twitter_misc":{"Tiempo de lectura":"2 minutos"},"schema":{"@context":"https:\/\/schema.org","@graph":[{"@type":"WebPage","@id":"https:\/\/weldingsteelkraken.com\/index.php\/about-v2\/","url":"https:\/\/weldingsteelkraken.com\/index.php\/about-v2\/","name":"About v2 - Welding Steel Kraken","isPartOf":{"@id":"https:\/\/weldingsteelkraken.com\/#website"},"datePublished":"2016-06-17T09:52:55+00:00","dateModified":"2025-10-01T17:42:16+00:00","breadcrumb":{"@id":"https:\/\/weldingsteelkraken.com\/index.php\/about-v2\/#breadcrumb"},"inLanguage":"es","potentialAction":[{"@type":"ReadAction","target":["https:\/\/weldingsteelkraken.com\/index.php\/about-v2\/"]}]},{"@type":"BreadcrumbList","@id":"https:\/\/weldingsteelkraken.com\/index.php\/about-v2\/#breadcrumb","itemListElement":[{"@type":"ListItem","position":1,"name":"Portada","item":"https:\/\/weldingsteelkraken.com\/"},{"@type":"ListItem","position":2,"name":"About v2"}]},{"@type":"WebSite","@id":"https:\/\/weldingsteelkraken.com\/#website","url":"https:\/\/weldingsteelkraken.com\/","name":"Welding Steel Kraken","description":"Wellding | Soldadura | ","potentialAction":[{"@type":"SearchAction","target":{"@type":"EntryPoint","urlTemplate":"https:\/\/weldingsteelkraken.com\/?s={search_term_string}"},"query-input":{"@type":"PropertyValueSpecification","valueRequired":true,"valueName":"search_term_string"}}],"inLanguage":"es"}]}},"_links":{"self":[{"href":"https:\/\/weldingsteelkraken.com\/index.php\/wp-json\/wp\/v2\/pages\/4739","targetHints":{"allow":["GET"]}}],"collection":[{"href":"https:\/\/weldingsteelkraken.com\/index.php\/wp-json\/wp\/v2\/pages"}],"about":[{"href":"https:\/\/weldingsteelkraken.com\/index.php\/wp-json\/wp\/v2\/types\/page"}],"author":[{"embeddable":true,"href":"https:\/\/weldingsteelkraken.com\/index.php\/wp-json\/wp\/v2\/users\/1"}],"replies":[{"embeddable":true,"href":"https:\/\/weldingsteelkraken.com\/index.php\/wp-json\/wp\/v2\/comments?post=4739"}],"version-history":[{"count":7,"href":"https:\/\/weldingsteelkraken.com\/index.php\/wp-json\/wp\/v2\/pages\/4739\/revisions"}],"predecessor-version":[{"id":5805,"href":"https:\/\/weldingsteelkraken.com\/index.php\/wp-json\/wp\/v2\/pages\/4739\/revisions\/5805"}],"wp:attachment":[{"href":"https:\/\/weldingsteelkraken.com\/index.php\/wp-json\/wp\/v2\/media?parent=4739"}],"curies":[{"name":"wp","href":"https:\/\/api.w.org\/{rel}","templated":true}]}}